{"id":4011,"date":"2026-01-20T15:43:21","date_gmt":"2026-01-20T15:43:21","guid":{"rendered":"https:\/\/lessinguliers.fr\/?page_id=4011"},"modified":"2026-01-20T15:49:17","modified_gmt":"2026-01-20T15:49:17","slug":"les-classiques","status":"publish","type":"page","link":"https:\/\/lessinguliers.fr\/index.php\/nos-themes\/les-classiques\/","title":{"rendered":"Les Classiques"},"content":{"rendered":"\t\t<div data-elementor-type=\"wp-page\" data-elementor-id=\"4011\" class=\"elementor elementor-4011\" data-elementor-post-type=\"page\">\n\t\t\t\t\t\t<section class=\"elementor-section elementor-top-section elementor-element elementor-element-3a055d0f elementor-section-boxed elementor-section-height-default elementor-section-height-default\" data-id=\"3a055d0f\" data-element_type=\"section\" data-e-type=\"section\" data-settings=\"{&quot;background_background&quot;:&quot;classic&quot;}\">\n\t\t\t\t\t\t<div class=\"elementor-container elementor-column-gap-default\">\n\t\t\t\t\t<div class=\"elementor-column elementor-col-100 elementor-top-column elementor-element elementor-element-14eed14a\" data-id=\"14eed14a\" data-element_type=\"column\" data-e-type=\"column\">\n\t\t\t<div class=\"elementor-widget-wrap elementor-element-populated\">\n\t\t\t\t\t\t<section class=\"elementor-section elementor-inner-section elementor-element elementor-element-7e83838a elementor-section-content-middle elementor-section-boxed elementor-section-height-default elementor-section-height-default\" data-id=\"7e83838a\" data-element_type=\"section\" data-e-type=\"section\">\n\t\t\t\t\t\t<div class=\"elementor-container elementor-column-gap-default\">\n\t\t\t\t\t<div class=\"elementor-column elementor-col-100 elementor-inner-column elementor-element elementor-element-1efcb278\" data-id=\"1efcb278\" data-element_type=\"column\" data-e-type=\"column\">\n\t\t\t<div class=\"elementor-widget-wrap elementor-element-populated\">\n\t\t\t\t\t\t<div class=\"elementor-element elementor-element-7d1bc0b6 elementor-widget elementor-widget-heading\" data-id=\"7d1bc0b6\" data-element_type=\"widget\" data-e-type=\"widget\" data-widget_type=\"heading.default\">\n\t\t\t\t\t<h2 class=\"elementor-heading-title elementor-size-xl\">Les Classiques<\/h2>\t\t\t\t<\/div>\n\t\t\t\t\t<\/div>\n\t\t<\/div>\n\t\t\t\t\t<\/div>\n\t\t<\/section>\n\t\t\t\t\t<\/div>\n\t\t<\/div>\n\t\t\t\t\t<\/div>\n\t\t<\/section>\n\t\t\t\t<section class=\"elementor-section elementor-top-section elementor-element elementor-element-7c075b02 elementor-section-full_width elementor-section-height-default elementor-section-height-default\" data-id=\"7c075b02\" data-element_type=\"section\" data-e-type=\"section\">\n\t\t\t\t\t\t<div class=\"elementor-container elementor-column-gap-default\">\n\t\t\t\t\t<div class=\"elementor-column elementor-col-100 elementor-top-column elementor-element elementor-element-41a93422\" data-id=\"41a93422\" data-element_type=\"column\" data-e-type=\"column\">\n\t\t\t<div class=\"elementor-widget-wrap elementor-element-populated\">\n\t\t\t\t\t\t<section class=\"elementor-section elementor-inner-section elementor-element elementor-element-7c1b1f2 elementor-section-content-middle elementor-reverse-mobile elementor-section-full_width elementor-section-height-default elementor-section-height-default\" data-id=\"7c1b1f2\" data-element_type=\"section\" data-e-type=\"section\" data-settings=\"{&quot;background_background&quot;:&quot;classic&quot;}\">\n\t\t\t\t\t\t<div class=\"elementor-container elementor-column-gap-no\">\n\t\t\t\t\t<div class=\"elementor-column elementor-col-50 elementor-inner-column elementor-element elementor-element-5660b5c\" data-id=\"5660b5c\" data-element_type=\"column\" data-e-type=\"column\" data-settings=\"{&quot;background_background&quot;:&quot;classic&quot;}\">\n\t\t\t<div class=\"elementor-widget-wrap elementor-element-populated\">\n\t\t\t\t\t\t<div class=\"elementor-element elementor-element-67e2cf3 elementor-widget elementor-widget-heading\" data-id=\"67e2cf3\" data-element_type=\"widget\" data-e-type=\"widget\" data-widget_type=\"heading.default\">\n\t\t\t\t\t<h2 class=\"elementor-heading-title elementor-size-small\"><a href=\"#\">Moby Dick, d\u00e8s 7 ans<\/a><\/h2>\t\t\t\t<\/div>\n\t\t\t\t<div class=\"elementor-element elementor-element-f93fffe elementor-widget elementor-widget-text-editor\" data-id=\"f93fffe\" data-element_type=\"widget\" data-e-type=\"widget\" data-widget_type=\"text-editor.default\">\n\t\t\t\t\t\t\t\t\t<p>Une version tr\u00e8s personnelle, mise en bo\u00eete et sans amarre, de l\u2019insens\u00e9e qu\u00eate du Capitaine Achab \u00e0 la poursuite de Moby Dick. Un r\u00e9cit tour \u00e0 tour drolatique, inqui\u00e9tant et troublant\u2026<\/p><p>\u00ab Passez avant tribord ! Obliquez vers b\u00e2bord ! \u00bb<br \/>Les aventures des mers d\u00e9passent l\u2019entendement et les r\u00e9cits les plus fantastiques que l\u2019on connaisse. Imaginez cet \u00e9quipage de chevaliers des mers, plein d\u2019orage et de temp\u00eate, affrontant l\u2019immensit\u00e9.<br \/>On est au tout d\u00e9but et \u00e0 la toute fin du monde.<\/p><p>Isma\u00ebl, le narrateur, est attir\u00e9 par le grand large. Il d\u00e9cide donc de s\u2019embarquer \u00e0 bord du Pequod, un baleinier command\u00e9 par le capitaine Achab.<br \/>Pas de bol pour Isma\u00ebl, le capitaine ne chasse pas les c\u00e9tac\u00e9s uniquement pour faire fortune. Sa principale motivation ? Retrouver Moby Dick, une baleine blanche d\u2019une taille impressionnante, particuli\u00e8rement f\u00e9roce.<br \/>Il veut se venger du cachalot car celui-ci lui a arrach\u00e9 la jambe. Il le poursuit autour du monde jusqu\u2019\u00e0 ce que son bateau coule au large des \u00eeles Gilbert.<\/p><p>\u2013 Conte et th\u00e9\u00e2tre d\u2019objet : Elodie Mora<br \/>\u2013 Dur\u00e9e : 30min<\/p>\t\t\t\t\t\t\t\t<\/div>\n\t\t\t\t\t<\/div>\n\t\t<\/div>\n\t\t\t\t<div class=\"elementor-column elementor-col-50 elementor-inner-column elementor-element elementor-element-2785d0c\" data-id=\"2785d0c\" data-element_type=\"column\" data-e-type=\"column\" data-settings=\"{&quot;background_background&quot;:&quot;classic&quot;}\">\n\t\t\t<div class=\"elementor-widget-wrap elementor-element-populated\">\n\t\t\t\t\t<div class=\"elementor-background-overlay\"><\/div>\n\t\t\t\t\t\t<div class=\"elementor-element elementor-element-3d4a487 elementor-widget elementor-widget-video\" data-id=\"3d4a487\" data-element_type=\"widget\" data-e-type=\"widget\" data-settings=\"{&quot;youtube_url&quot;:&quot;https:\\\/\\\/www.youtube.com\\\/watch?v=RX4smSEQQns&amp;ab_channel=LesSinguliers&quot;,&quot;video_type&quot;:&quot;youtube&quot;,&quot;controls&quot;:&quot;yes&quot;}\" data-widget_type=\"video.default\">\n\t\t\t\t\t\t\t<div class=\"elementor-wrapper elementor-open-inline\">\n\t\t\t<div class=\"elementor-video\"><\/div>\t\t<\/div>\n\t\t\t\t\t\t<\/div>\n\t\t\t\t\t<\/div>\n\t\t<\/div>\n\t\t\t\t\t<\/div>\n\t\t<\/section>\n\t\t\t\t<section class=\"elementor-section elementor-inner-section elementor-element elementor-element-0b0067e elementor-section-content-middle elementor-section-full_width elementor-section-height-default elementor-section-height-default\" data-id=\"0b0067e\" data-element_type=\"section\" data-e-type=\"section\" data-settings=\"{&quot;background_background&quot;:&quot;classic&quot;}\">\n\t\t\t\t\t\t<div class=\"elementor-container elementor-column-gap-no\">\n\t\t\t\t\t<div class=\"elementor-column elementor-col-50 elementor-inner-column elementor-element elementor-element-588daed\" data-id=\"588daed\" data-element_type=\"column\" data-e-type=\"column\" data-settings=\"{&quot;background_background&quot;:&quot;classic&quot;}\">\n\t\t\t<div class=\"elementor-widget-wrap elementor-element-populated\">\n\t\t\t\t\t<div class=\"elementor-background-overlay\"><\/div>\n\t\t\t\t\t\t<div class=\"elementor-element elementor-element-bcaa9ff elementor-widget elementor-widget-video\" data-id=\"bcaa9ff\" data-element_type=\"widget\" data-e-type=\"widget\" data-settings=\"{&quot;youtube_url&quot;:&quot;https:\\\/\\\/www.youtube.com\\\/watch?v=jAWhfP66p4M&amp;ab_channel=LesSinguliers&quot;,&quot;video_type&quot;:&quot;youtube&quot;,&quot;controls&quot;:&quot;yes&quot;}\" data-widget_type=\"video.default\">\n\t\t\t\t\t\t\t<div class=\"elementor-wrapper elementor-open-inline\">\n\t\t\t<div class=\"elementor-video\"><\/div>\t\t<\/div>\n\t\t\t\t\t\t<\/div>\n\t\t\t\t\t<\/div>\n\t\t<\/div>\n\t\t\t\t<div class=\"elementor-column elementor-col-50 elementor-inner-column elementor-element elementor-element-669abbb\" data-id=\"669abbb\" data-element_type=\"column\" data-e-type=\"column\" data-settings=\"{&quot;background_background&quot;:&quot;classic&quot;}\">\n\t\t\t<div class=\"elementor-widget-wrap elementor-element-populated\">\n\t\t\t\t\t\t<div class=\"elementor-element elementor-element-33ae5cb elementor-widget elementor-widget-heading\" data-id=\"33ae5cb\" data-element_type=\"widget\" data-e-type=\"widget\" data-widget_type=\"heading.default\">\n\t\t\t\t\t<h2 class=\"elementor-heading-title elementor-size-small\"><a href=\"#\">Poucet, d\u00e8s 7 ans<\/a><\/h2>\t\t\t\t<\/div>\n\t\t\t\t<div class=\"elementor-element elementor-element-e9991ce elementor-widget elementor-widget-text-editor\" data-id=\"e9991ce\" data-element_type=\"widget\" data-e-type=\"widget\" data-widget_type=\"text-editor.default\">\n\t\t\t\t\t\t\t\t\t<p>Le Petit Poucet, c\u2019est bien le conte que tout le monde connait !<br \/>Alors, pourquoi le raconter encore si tout le monde le connait et l\u2019a d\u00e9j\u00e0 entendu un millier de fois ?<br \/>Peut \u00eatre, pour le plaisir de replonger dans la for\u00eat des ombres, guid\u00e9 par un tout petit gars, plein de lumi\u00e8re ?<br \/>Partageons cette joie \u00e0 chaque fois renouvel\u00e9e de revisiter ce conte qui nous a enchant\u00e9 et fait trembler, aussi.<\/p><p>\u2013 Conte et Chant : Elodie Mora<br \/>\u2013 Dur\u00e9e : 55min<\/p>\t\t\t\t\t\t\t\t<\/div>\n\t\t\t\t\t<\/div>\n\t\t<\/div>\n\t\t\t\t\t<\/div>\n\t\t<\/section>\n\t\t\t\t<section class=\"elementor-section elementor-inner-section elementor-element elementor-element-35b26ea elementor-section-content-middle elementor-section-full_width elementor-section-height-default elementor-section-height-default\" data-id=\"35b26ea\" data-element_type=\"section\" data-e-type=\"section\" data-settings=\"{&quot;background_background&quot;:&quot;classic&quot;}\">\n\t\t\t\t\t\t<div class=\"elementor-container elementor-column-gap-no\">\n\t\t\t\t\t<div class=\"elementor-column elementor-col-50 elementor-inner-column elementor-element elementor-element-378e01b\" data-id=\"378e01b\" data-element_type=\"column\" data-e-type=\"column\" data-settings=\"{&quot;background_background&quot;:&quot;classic&quot;}\">\n\t\t\t<div class=\"elementor-widget-wrap elementor-element-populated\">\n\t\t\t\t\t\t<div class=\"elementor-element elementor-element-99f75c4 elementor-widget elementor-widget-heading\" data-id=\"99f75c4\" data-element_type=\"widget\" data-e-type=\"widget\" data-widget_type=\"heading.default\">\n\t\t\t\t\t<h2 class=\"elementor-heading-title elementor-size-small\"><a href=\"#\">Blanche-Neige, fille d\u2019Afrique, d\u00e8s 7 ans<\/a><\/h2>\t\t\t\t<\/div>\n\t\t\t\t<div class=\"elementor-element elementor-element-396fc8c elementor-widget elementor-widget-text-editor\" data-id=\"396fc8c\" data-element_type=\"widget\" data-e-type=\"widget\" data-widget_type=\"text-editor.default\">\n\t\t\t\t\t\t\t\t\t<p>Un choix de contes merveilleux originaires de diff\u00e9rentes r\u00e9gions d\u2019Afrique, en \u00e9cho aux c\u00e9l\u00e8bres histoires traditionnelles europ\u00e9ennes telles que le Petit Poucet, Cendrillon, Barbe Bleue&#8230; et Blanche Neige.<\/p><p>Avec ce r\u00e9pertoire, le conteur gabonais met en relief \u00e0 la fois le c\u00f4t\u00e9 universel du conte et les nuances inh\u00e9rentes aux divers contextes socio-culturels. Avec sa voix de magicien tant\u00f4t ogre, tant\u00f4t souris, R\u00e9my nous convie \u00e0 des voyages o\u00f9 la malice c\u00f4toie sans complexe le merveilleux.<\/p><p>\u2013 Conte et musique (arc musical et percussions) : R\u00e9my Boussengui<br \/>\u2013 Dur\u00e9e : 1h<\/p>\t\t\t\t\t\t\t\t<\/div>\n\t\t\t\t\t<\/div>\n\t\t<\/div>\n\t\t\t\t<div class=\"elementor-column elementor-col-50 elementor-inner-column elementor-element elementor-element-03366ec\" data-id=\"03366ec\" data-element_type=\"column\" data-e-type=\"column\" data-settings=\"{&quot;background_background&quot;:&quot;classic&quot;}\">\n\t\t\t<div class=\"elementor-widget-wrap elementor-element-populated\">\n\t\t\t\t\t<div class=\"elementor-background-overlay\"><\/div>\n\t\t\t\t\t\t<div class=\"elementor-element elementor-element-6bba2bf elementor-widget elementor-widget-image\" data-id=\"6bba2bf\" data-element_type=\"widget\" data-e-type=\"widget\" data-widget_type=\"image.default\">\n\t\t\t\t\t\t\t\t\t\t\t\t\t\t\t<img fetchpriority=\"high\" decoding=\"async\" width=\"480\" height=\"480\" src=\"https:\/\/lessinguliers.fr\/wp-content\/uploads\/2025\/08\/rubon9.jpg\" class=\"attachment-full size-full wp-image-135\" alt=\"\" srcset=\"https:\/\/lessinguliers.fr\/wp-content\/uploads\/2025\/08\/rubon9.jpg 480w, https:\/\/lessinguliers.fr\/wp-content\/uploads\/2025\/08\/rubon9-300x300.jpg 300w, https:\/\/lessinguliers.fr\/wp-content\/uploads\/2025\/08\/rubon9-150x150.jpg 150w\" sizes=\"(max-width: 480px) 100vw, 480px\" \/>\t\t\t\t\t\t\t\t\t\t\t\t\t\t\t<\/div>\n\t\t\t\t\t<\/div>\n\t\t<\/div>\n\t\t\t\t\t<\/div>\n\t\t<\/section>\n\t\t\t\t<section class=\"elementor-section elementor-inner-section elementor-element elementor-element-51aac3c elementor-section-content-middle elementor-section-full_width elementor-section-height-default elementor-section-height-default\" data-id=\"51aac3c\" data-element_type=\"section\" data-e-type=\"section\" data-settings=\"{&quot;background_background&quot;:&quot;classic&quot;}\">\n\t\t\t\t\t\t<div class=\"elementor-container elementor-column-gap-no\">\n\t\t\t\t\t<div class=\"elementor-column elementor-col-50 elementor-inner-column elementor-element elementor-element-e05e5e1\" data-id=\"e05e5e1\" data-element_type=\"column\" data-e-type=\"column\" data-settings=\"{&quot;background_background&quot;:&quot;classic&quot;}\">\n\t\t\t<div class=\"elementor-widget-wrap elementor-element-populated\">\n\t\t\t\t\t<div class=\"elementor-background-overlay\"><\/div>\n\t\t\t\t\t\t<div class=\"elementor-element elementor-element-64bb3a8 elementor-widget elementor-widget-video\" data-id=\"64bb3a8\" data-element_type=\"widget\" data-e-type=\"widget\" data-settings=\"{&quot;youtube_url&quot;:&quot;https:\\\/\\\/youtu.be\\\/AI6OjxtOa3o&quot;,&quot;video_type&quot;:&quot;youtube&quot;,&quot;controls&quot;:&quot;yes&quot;}\" data-widget_type=\"video.default\">\n\t\t\t\t\t\t\t<div class=\"elementor-wrapper elementor-open-inline\">\n\t\t\t<div class=\"elementor-video\"><\/div>\t\t<\/div>\n\t\t\t\t\t\t<\/div>\n\t\t\t\t\t<\/div>\n\t\t<\/div>\n\t\t\t\t<div class=\"elementor-column elementor-col-50 elementor-inner-column elementor-element elementor-element-79f5ca6\" data-id=\"79f5ca6\" data-element_type=\"column\" data-e-type=\"column\" data-settings=\"{&quot;background_background&quot;:&quot;classic&quot;}\">\n\t\t\t<div class=\"elementor-widget-wrap elementor-element-populated\">\n\t\t\t\t\t\t<div class=\"elementor-element elementor-element-d5bb1c0 elementor-widget elementor-widget-heading\" data-id=\"d5bb1c0\" data-element_type=\"widget\" data-e-type=\"widget\" data-widget_type=\"heading.default\">\n\t\t\t\t\t<h2 class=\"elementor-heading-title elementor-size-small\"><a href=\"#\">Barbe Blues, d\u00e8s 11 ans\u200b<\/a><\/h2>\t\t\t\t<\/div>\n\t\t\t\t<div class=\"elementor-element elementor-element-6c32cd8 elementor-widget elementor-widget-text-editor\" data-id=\"6c32cd8\" data-element_type=\"widget\" data-e-type=\"widget\" data-widget_type=\"text-editor.default\">\n\t\t\t\t\t\t\t\t\t<p>Et si Barbe Bleue \u00e9tait, en fait, une histoire d\u2019Amour ?<\/p><p>C\u2019est l\u2019histoire d\u2019une jeune fille timide, dont le p\u00e8re d\u00e9cide d\u2019en faire une bagarreuse, parce qu\u2019il faut se d\u00e9fendre dans la vie. Elle devient Coud\u2019boule, une vraie dure, qui \u00e9crase tout sur son passage. Jusqu\u2019\u00e0 ce qu\u2019un jour, tout bascule et que les ombres surgies de la nuit reprennent leurs droits pour lui faire r\u00eaver l\u2019histoire fantastique d\u2019une jeune femme contrainte d\u2019\u00e9pouser un monstre sanguinaire, le serial killer des contes. Elle seule peut aider Barbe bleue \u00e0 retrouver sa part de lumi\u00e8re. Quand elle reprend ses esprits, l\u2019h\u00e9ro\u00efne redevient ma\u00eetresse de ses peurs et de ses d\u00e9sirs, ma\u00eetresse de son destin.<\/p><p>\u00ab Mi-ombre,mi-lumi\u00e8re, Elodie Mora touche les spectateurs en plein coeur, que ce soient les adolescents ou bien les adultes, ces vieux enfants. Dans Barbe Blues, la conteuse d\u00e9cline le verbe aimer \u00e0 tous les temps : celui de la peur, celui du d\u00e9sir, celui de l\u2019humour, celui de la fragilit\u00e9\u2026 Son personnage conjugue pour nous le verbe \u00eatre \u00e0 toutes les personnes : je, tu, il ou elle\u2026 \u00eele ou ailes ? Telle est la question de Coud\u2019Boule ! \u00bb Gigi Bigot<\/p><p>\u2013 Conte et r\u00e9cit : Elodie Mora<br \/>\u2013 Dur\u00e9e : 50 min<\/p>\t\t\t\t\t\t\t\t<\/div>\n\t\t\t\t\t<\/div>\n\t\t<\/div>\n\t\t\t\t\t<\/div>\n\t\t<\/section>\n\t\t\t\t<section class=\"elementor-section elementor-inner-section elementor-element elementor-element-efd767e elementor-section-content-middle elementor-section-full_width elementor-reverse-mobile elementor-section-height-default elementor-section-height-default\" data-id=\"efd767e\" data-element_type=\"section\" data-e-type=\"section\" data-settings=\"{&quot;background_background&quot;:&quot;classic&quot;}\">\n\t\t\t\t\t\t<div class=\"elementor-container elementor-column-gap-no\">\n\t\t\t\t\t<div class=\"elementor-column elementor-col-50 elementor-inner-column elementor-element elementor-element-16fee91\" data-id=\"16fee91\" data-element_type=\"column\" data-e-type=\"column\" data-settings=\"{&quot;background_background&quot;:&quot;classic&quot;}\">\n\t\t\t<div class=\"elementor-widget-wrap elementor-element-populated\">\n\t\t\t\t\t\t<div class=\"elementor-element elementor-element-f95e9f6 elementor-widget elementor-widget-heading\" data-id=\"f95e9f6\" data-element_type=\"widget\" data-e-type=\"widget\" data-widget_type=\"heading.default\">\n\t\t\t\t\t<h2 class=\"elementor-heading-title elementor-size-small\"><a href=\"#\">Renardises, d\u00e8s 10 ans\n<\/a><\/h2>\t\t\t\t<\/div>\n\t\t\t\t<div class=\"elementor-element elementor-element-523f08e elementor-widget elementor-widget-text-editor\" data-id=\"523f08e\" data-element_type=\"widget\" data-e-type=\"widget\" data-widget_type=\"text-editor.default\">\n\t\t\t\t\t\t\t\t\t<p>Le Roman de Renart est un recueil de contes ou \u201cbranches\u201d, mettant en sc\u00e8ne des animaux de la for\u00eat, de la ferme et quelques rares humains de passage. Pour les nombreux po\u00e8tes qui ont contribu\u00e9 \u00e0 son \u00e9criture, le Roman de Renart \u00e9tait l\u2019occasion d\u2019un divertissement color\u00e9 et joyeux, d\u2019une parodie du Roman Chevaleresque, mais surtout d\u2019une satire sans complaisance de la soci\u00e9t\u00e9 f\u00e9odale.<\/p><p>Bien qu\u2019aujourd\u2019hui nos r\u00e8gles sociales aient chang\u00e9 (en apparence), le personnage de Renart r\u00e9sonne toujours en nous : Il continue plus que jamais \u00e0 incarner l\u2019espoir de l\u2019Homme dans sa lutte incessante pour \u00e9chapper aux hi\u00e9rarchies naturelles et sociales.<\/p><p>Le Roman a pourtant une autre r\u00e9sonance : Ce \u201crenversement du monde\u201d nous conduit \u00e0 interroger notre conception du mal et le lien secret qui nous attache \u00e0 notre ombre. Il s\u2019inscrit dans la tradition des cycles du fripon divin, de Dionysos, d\u2019Hermes, de Tiel Eulenspiegel, de Coyote ou Corbeau des Am\u00e9rindiens du nord&#8230; Renart est le h\u00e9ros de toutes les transgressions contre l\u2019ordre \u00e9tabli.<\/p><p>\u00c0 partir de quatre des branches du Roman et de leur correspondances dans le patrimoine oral populaire, \u201cRenardises\u201d nous propose quatre \u00e9tapes majeures vers notre lib\u00e9ration\u2002 : Chantecler ou l\u2019apprentissage, le Puits ou la chance, Tibert ou la rivalit\u00e9, Roenel ou la solitude.<\/p><p>\u2013 Conte et Musique (cithare hongroise et fl\u00fbte de pan) : Michel Hindenoch<br \/>\u2013 Dur\u00e9e : 1h20<\/p>\t\t\t\t\t\t\t\t<\/div>\n\t\t\t\t\t<\/div>\n\t\t<\/div>\n\t\t\t\t<div class=\"elementor-column elementor-col-50 elementor-inner-column elementor-element elementor-element-0759240\" data-id=\"0759240\" data-element_type=\"column\" data-e-type=\"column\" data-settings=\"{&quot;background_background&quot;:&quot;classic&quot;}\">\n\t\t\t<div class=\"elementor-widget-wrap elementor-element-populated\">\n\t\t\t\t\t<div class=\"elementor-background-overlay\"><\/div>\n\t\t\t\t\t\t<div class=\"elementor-element elementor-element-49b6426 elementor-widget elementor-widget-video\" data-id=\"49b6426\" data-element_type=\"widget\" data-e-type=\"widget\" data-settings=\"{&quot;youtube_url&quot;:&quot;https:\\\/\\\/www.youtube.com\\\/watch?v=KMoJdUaHWEY&amp;ab_channel=LesSinguliers&quot;,&quot;video_type&quot;:&quot;youtube&quot;,&quot;controls&quot;:&quot;yes&quot;}\" data-widget_type=\"video.default\">\n\t\t\t\t\t\t\t<div class=\"elementor-wrapper elementor-open-inline\">\n\t\t\t<div class=\"elementor-video\"><\/div>\t\t<\/div>\n\t\t\t\t\t\t<\/div>\n\t\t\t\t\t<\/div>\n\t\t<\/div>\n\t\t\t\t\t<\/div>\n\t\t<\/section>\n\t\t\t\t\t<\/div>\n\t\t<\/div>\n\t\t\t\t\t<\/div>\n\t\t<\/section>\n\t\t\t\t<\/div>\n\t\t","protected":false},"excerpt":{"rendered":"<p>Les Classiques Moby Dick, d\u00e8s 7 ans Une version tr\u00e8s personnelle, mise en bo\u00eete et sans amarre, de l\u2019insens\u00e9e qu\u00eate du Capitaine Achab \u00e0 la poursuite de Moby Dick. Un r\u00e9cit tour \u00e0 tour drolatique, inqui\u00e9tant et troublant\u2026 \u00ab Passez avant tribord ! Obliquez vers b\u00e2bord ! \u00bbLes aventures des mers d\u00e9passent l\u2019entendement et les&#8230;<\/p>\n","protected":false},"author":2,"featured_media":0,"parent":39,"menu_order":0,"comment_status":"closed","ping_status":"closed","template":"","meta":{"_kad_post_transparent":"","_kad_post_title":"hide","_kad_post_layout":"fullwidth","_kad_post_sidebar_id":"","_kad_post_content_style":"unboxed","_kad_post_vertical_padding":"hide","_kad_post_feature":"hide","_kad_post_feature_position":"","_kad_post_header":false,"_kad_post_footer":false,"_kad_post_classname":"","footnotes":""},"class_list":["post-4011","page","type-page","status-publish","hentry"],"_links":{"self":[{"href":"https:\/\/lessinguliers.fr\/index.php\/wp-json\/wp\/v2\/pages\/4011","targetHints":{"allow":["GET"]}}],"collection":[{"href":"https:\/\/lessinguliers.fr\/index.php\/wp-json\/wp\/v2\/pages"}],"about":[{"href":"https:\/\/lessinguliers.fr\/index.php\/wp-json\/wp\/v2\/types\/page"}],"author":[{"embeddable":true,"href":"https:\/\/lessinguliers.fr\/index.php\/wp-json\/wp\/v2\/users\/2"}],"replies":[{"embeddable":true,"href":"https:\/\/lessinguliers.fr\/index.php\/wp-json\/wp\/v2\/comments?post=4011"}],"version-history":[{"count":13,"href":"https:\/\/lessinguliers.fr\/index.php\/wp-json\/wp\/v2\/pages\/4011\/revisions"}],"predecessor-version":[{"id":4028,"href":"https:\/\/lessinguliers.fr\/index.php\/wp-json\/wp\/v2\/pages\/4011\/revisions\/4028"}],"up":[{"embeddable":true,"href":"https:\/\/lessinguliers.fr\/index.php\/wp-json\/wp\/v2\/pages\/39"}],"wp:attachment":[{"href":"https:\/\/lessinguliers.fr\/index.php\/wp-json\/wp\/v2\/media?parent=4011"}],"curies":[{"name":"wp","href":"https:\/\/api.w.org\/{rel}","templated":true}]}}