{"id":3981,"date":"2026-01-20T14:56:11","date_gmt":"2026-01-20T14:56:11","guid":{"rendered":"https:\/\/lessinguliers.fr\/?page_id=3981"},"modified":"2026-04-09T14:55:26","modified_gmt":"2026-04-09T14:55:26","slug":"nuits-de-la-lecture-2026-villes-et-campagnes","status":"publish","type":"page","link":"https:\/\/lessinguliers.fr\/index.php\/nos-themes\/nuits-de-la-lecture-2026-villes-et-campagnes\/","title":{"rendered":"Nuits de la lecture 2026 : Villes et campagnes"},"content":{"rendered":"\t\t<div data-elementor-type=\"wp-page\" data-elementor-id=\"3981\" class=\"elementor elementor-3981\" data-elementor-post-type=\"page\">\n\t\t\t\t\t\t<section class=\"elementor-section elementor-top-section elementor-element elementor-element-2b1e15d elementor-section-boxed elementor-section-height-default elementor-section-height-default\" data-id=\"2b1e15d\" data-element_type=\"section\" data-e-type=\"section\" data-settings=\"{&quot;background_background&quot;:&quot;classic&quot;}\">\n\t\t\t\t\t\t<div class=\"elementor-container elementor-column-gap-default\">\n\t\t\t\t\t<div class=\"elementor-column elementor-col-100 elementor-top-column elementor-element elementor-element-14536525\" data-id=\"14536525\" data-element_type=\"column\" data-e-type=\"column\">\n\t\t\t<div class=\"elementor-widget-wrap elementor-element-populated\">\n\t\t\t\t\t\t<section class=\"elementor-section elementor-inner-section elementor-element elementor-element-3b07b913 elementor-section-content-middle elementor-section-boxed elementor-section-height-default elementor-section-height-default\" data-id=\"3b07b913\" data-element_type=\"section\" data-e-type=\"section\">\n\t\t\t\t\t\t<div class=\"elementor-container elementor-column-gap-default\">\n\t\t\t\t\t<div class=\"elementor-column elementor-col-100 elementor-inner-column elementor-element elementor-element-1dffced9\" data-id=\"1dffced9\" data-element_type=\"column\" data-e-type=\"column\">\n\t\t\t<div class=\"elementor-widget-wrap elementor-element-populated\">\n\t\t\t\t\t\t<div class=\"elementor-element elementor-element-63fd3093 elementor-widget elementor-widget-heading\" data-id=\"63fd3093\" data-element_type=\"widget\" data-e-type=\"widget\" data-widget_type=\"heading.default\">\n\t\t\t\t\t<h2 class=\"elementor-heading-title elementor-size-xl\">Les nuits de la lecture 2026 : villes et CAMPAGNES<\/h2>\t\t\t\t<\/div>\n\t\t\t\t\t<\/div>\n\t\t<\/div>\n\t\t\t\t\t<\/div>\n\t\t<\/section>\n\t\t\t\t\t<\/div>\n\t\t<\/div>\n\t\t\t\t\t<\/div>\n\t\t<\/section>\n\t\t\t\t<section class=\"elementor-section elementor-top-section elementor-element elementor-element-1d168e46 elementor-section-full_width elementor-section-height-default elementor-section-height-default\" data-id=\"1d168e46\" data-element_type=\"section\" data-e-type=\"section\">\n\t\t\t\t\t\t<div class=\"elementor-container elementor-column-gap-default\">\n\t\t\t\t\t<div class=\"elementor-column elementor-col-100 elementor-top-column elementor-element elementor-element-38690e8a\" data-id=\"38690e8a\" data-element_type=\"column\" data-e-type=\"column\">\n\t\t\t<div class=\"elementor-widget-wrap elementor-element-populated\">\n\t\t\t\t\t\t<section class=\"elementor-section elementor-inner-section elementor-element elementor-element-efb4da2 elementor-section-content-middle elementor-section-full_width elementor-section-height-default elementor-section-height-default\" data-id=\"efb4da2\" data-element_type=\"section\" data-e-type=\"section\" data-settings=\"{&quot;background_background&quot;:&quot;classic&quot;}\">\n\t\t\t\t\t\t<div class=\"elementor-container elementor-column-gap-no\">\n\t\t\t\t\t<div class=\"elementor-column elementor-col-50 elementor-inner-column elementor-element elementor-element-da87008\" data-id=\"da87008\" data-element_type=\"column\" data-e-type=\"column\" data-settings=\"{&quot;background_background&quot;:&quot;classic&quot;}\">\n\t\t\t<div class=\"elementor-widget-wrap elementor-element-populated\">\n\t\t\t\t\t<div class=\"elementor-background-overlay\"><\/div>\n\t\t\t\t\t\t<div class=\"elementor-element elementor-element-000b43c elementor-widget elementor-widget-image\" data-id=\"000b43c\" data-element_type=\"widget\" data-e-type=\"widget\" data-widget_type=\"image.default\">\n\t\t\t\t\t\t\t\t\t\t\t\t\t\t\t<img fetchpriority=\"high\" decoding=\"async\" width=\"280\" height=\"255\" src=\"https:\/\/lessinguliers.fr\/wp-content\/uploads\/2025\/08\/swan-8-1.jpg\" class=\"attachment-large size-large wp-image-1572\" alt=\"\" \/>\t\t\t\t\t\t\t\t\t\t\t\t\t\t\t<\/div>\n\t\t\t\t\t<\/div>\n\t\t<\/div>\n\t\t\t\t<div class=\"elementor-column elementor-col-50 elementor-inner-column elementor-element elementor-element-dacfcbf\" data-id=\"dacfcbf\" data-element_type=\"column\" data-e-type=\"column\" data-settings=\"{&quot;background_background&quot;:&quot;classic&quot;}\">\n\t\t\t<div class=\"elementor-widget-wrap elementor-element-populated\">\n\t\t\t\t\t\t<div class=\"elementor-element elementor-element-34d22ab elementor-widget elementor-widget-heading\" data-id=\"34d22ab\" data-element_type=\"widget\" data-e-type=\"widget\" data-widget_type=\"heading.default\">\n\t\t\t\t\t<h2 class=\"elementor-heading-title elementor-size-small\"><a href=\"#\">D\u2019ici - d\u2019ailleurs, de 3 \u00e0 6 ans ou d\u00e8s 6 ans<\/a><\/h2>\t\t\t\t<\/div>\n\t\t\t\t<div class=\"elementor-element elementor-element-5486ebd elementor-widget elementor-widget-text-editor\" data-id=\"5486ebd\" data-element_type=\"widget\" data-e-type=\"widget\" data-widget_type=\"text-editor.default\">\n\t\t\t\t\t\t\t\t\t<p>Ces histoires viennent de partout, d\u2019ici ou d\u2019ailleurs, peu importe d\u2019ailleurs\u2026<br \/>Elles transportent un parfum \u00ab\u00a0d\u2019il y a longtemps\u00a0\u00bb qui semble pourtant familier.<br \/>Un peu de folie, un grain de sagesse.<br \/>Ici les personnages prennent vie, les personnages s\u2019animent sur la toile d\u2019un souvenir imaginaire.<br \/>Le r\u00eave et l\u2019\u00e9motion s\u2019y invitent, comme par magie.<\/p><p>\u2013\u00a0Conte\u00a0: Swan Blach\u00e8re<br \/>\u2013 Dur\u00e9e : 50 min (d\u00e8s 6 ans), 30 min (de 3 \u00e0 6 ans)<\/p>\t\t\t\t\t\t\t\t<\/div>\n\t\t\t\t\t<\/div>\n\t\t<\/div>\n\t\t\t\t\t<\/div>\n\t\t<\/section>\n\t\t\t\t<section class=\"elementor-section elementor-inner-section elementor-element elementor-element-62a7fcd elementor-section-content-middle elementor-section-full_width elementor-section-height-default elementor-section-height-default\" data-id=\"62a7fcd\" data-element_type=\"section\" data-e-type=\"section\" data-settings=\"{&quot;background_background&quot;:&quot;classic&quot;}\">\n\t\t\t\t\t\t<div class=\"elementor-container elementor-column-gap-no\">\n\t\t\t\t\t<div class=\"elementor-column elementor-col-50 elementor-inner-column elementor-element elementor-element-58a3e1c\" data-id=\"58a3e1c\" data-element_type=\"column\" data-e-type=\"column\" data-settings=\"{&quot;background_background&quot;:&quot;classic&quot;}\">\n\t\t\t<div class=\"elementor-widget-wrap elementor-element-populated\">\n\t\t\t\t\t\t<div class=\"elementor-element elementor-element-50bb01e elementor-widget elementor-widget-heading\" data-id=\"50bb01e\" data-element_type=\"widget\" data-e-type=\"widget\" data-widget_type=\"heading.default\">\n\t\t\t\t\t<h2 class=\"elementor-heading-title elementor-size-small\"><a href=\"#\">Les jardins de l\u2019Alma, d\u00e8s 6 ans<\/a><\/h2>\t\t\t\t<\/div>\n\t\t\t\t<div class=\"elementor-element elementor-element-15ecbe9 elementor-widget elementor-widget-text-editor\" data-id=\"15ecbe9\" data-element_type=\"widget\" data-e-type=\"widget\" data-widget_type=\"text-editor.default\">\n\t\t\t\t\t\t\t\t\t<p>Les jardiniers sont assez vieux pour conna\u00eetre tous les secrets des plantes et des hommes. Moi, je les ai rencontr\u00e9 ! Au d\u00e9but, ils ne voulaient rien me dire.<br \/>Alors, on restait l\u00e0, \u00e0 regarder pousser les haricots. Puis, ils ont commenc\u00e9 \u00e0 raconter l\u2019histoire du jardin, puis celle d\u2019une princesse aubergine, d\u2019un figuier ou encore de la fraise ou bien du basilic\u2026<br \/>Bref, \u00e7a ne s\u2019arr\u00eatait plus.<\/p><p>Ce tour de conte est \u00e0 l\u2019image de ces jardiniers, g\u00e9n\u00e9reux et sauvages !<br \/>On ne sait jamais quelles sont les histoires qui vont sortir ni dans quel ordre ! Et c\u2019est tant mieux !<\/p><p>\u2013 Conte : Elodie Mora<br \/>\u2013 Dur\u00e9e : 45 min<\/p>\t\t\t\t\t\t\t\t<\/div>\n\t\t\t\t\t<\/div>\n\t\t<\/div>\n\t\t\t\t<div class=\"elementor-column elementor-col-50 elementor-inner-column elementor-element elementor-element-d1fc7a7\" data-id=\"d1fc7a7\" data-element_type=\"column\" data-e-type=\"column\" data-settings=\"{&quot;background_background&quot;:&quot;classic&quot;}\">\n\t\t\t<div class=\"elementor-widget-wrap elementor-element-populated\">\n\t\t\t\t\t<div class=\"elementor-background-overlay\"><\/div>\n\t\t\t\t\t\t<div class=\"elementor-element elementor-element-e890c14 elementor-widget elementor-widget-image\" data-id=\"e890c14\" data-element_type=\"widget\" data-e-type=\"widget\" data-widget_type=\"image.default\">\n\t\t\t\t\t\t\t\t\t\t\t\t\t\t\t<img decoding=\"async\" width=\"280\" height=\"233\" src=\"https:\/\/lessinguliers.fr\/wp-content\/uploads\/2025\/08\/mora2.jpg\" class=\"attachment-large size-large wp-image-1251\" alt=\"\" \/>\t\t\t\t\t\t\t\t\t\t\t\t\t\t\t<\/div>\n\t\t\t\t\t<\/div>\n\t\t<\/div>\n\t\t\t\t\t<\/div>\n\t\t<\/section>\n\t\t\t\t<section class=\"elementor-section elementor-inner-section elementor-element elementor-element-3da7f41 elementor-section-content-middle elementor-section-full_width elementor-section-height-default elementor-section-height-default\" data-id=\"3da7f41\" data-element_type=\"section\" data-e-type=\"section\" data-settings=\"{&quot;background_background&quot;:&quot;classic&quot;}\">\n\t\t\t\t\t\t<div class=\"elementor-container elementor-column-gap-no\">\n\t\t\t\t\t<div class=\"elementor-column elementor-col-50 elementor-inner-column elementor-element elementor-element-3b3a329\" data-id=\"3b3a329\" data-element_type=\"column\" data-e-type=\"column\" data-settings=\"{&quot;background_background&quot;:&quot;classic&quot;}\">\n\t\t\t<div class=\"elementor-widget-wrap elementor-element-populated\">\n\t\t\t\t\t<div class=\"elementor-background-overlay\"><\/div>\n\t\t\t\t\t\t<div class=\"elementor-element elementor-element-64ec74e elementor-widget elementor-widget-image\" data-id=\"64ec74e\" data-element_type=\"widget\" data-e-type=\"widget\" data-widget_type=\"image.default\">\n\t\t\t\t\t\t\t\t\t\t\t\t\t\t\t<img decoding=\"async\" width=\"500\" height=\"499\" src=\"https:\/\/lessinguliers.fr\/wp-content\/uploads\/2026\/02\/Grand-concours-1.jpg\" class=\"attachment-large size-large wp-image-4220\" alt=\"\" srcset=\"https:\/\/lessinguliers.fr\/wp-content\/uploads\/2026\/02\/Grand-concours-1.jpg 500w, https:\/\/lessinguliers.fr\/wp-content\/uploads\/2026\/02\/Grand-concours-1-300x300.jpg 300w, https:\/\/lessinguliers.fr\/wp-content\/uploads\/2026\/02\/Grand-concours-1-150x150.jpg 150w\" sizes=\"(max-width: 500px) 100vw, 500px\" \/>\t\t\t\t\t\t\t\t\t\t\t\t\t\t\t<\/div>\n\t\t\t\t\t<\/div>\n\t\t<\/div>\n\t\t\t\t<div class=\"elementor-column elementor-col-50 elementor-inner-column elementor-element elementor-element-22e1428\" data-id=\"22e1428\" data-element_type=\"column\" data-e-type=\"column\" data-settings=\"{&quot;background_background&quot;:&quot;classic&quot;}\">\n\t\t\t<div class=\"elementor-widget-wrap elementor-element-populated\">\n\t\t\t\t\t\t<div class=\"elementor-element elementor-element-d46cb3b elementor-widget elementor-widget-heading\" data-id=\"d46cb3b\" data-element_type=\"widget\" data-e-type=\"widget\" data-widget_type=\"heading.default\">\n\t\t\t\t\t<h2 class=\"elementor-heading-title elementor-size-small\"><a href=\"#\">Grand concours cont\u00e9 : rus\u00e9s et ben\u00eats !, d\u00e8s 7 ans<\/a><\/h2>\t\t\t\t<\/div>\n\t\t\t\t<div class=\"elementor-element elementor-element-f6fa61b elementor-widget elementor-widget-text-editor\" data-id=\"f6fa61b\" data-element_type=\"widget\" data-e-type=\"widget\" data-widget_type=\"text-editor.default\">\n\t\t\t\t\t\t\t\t\t<p>De par le monde, des contes d&rsquo; idiots et de ben\u00eats, des contes de rus\u00e9s et fut\u00e9s, il y en a \u00e0 la louche, \u00e0 la pelle, \u00e0 la tonne !<\/p><p>Anne a choisi, dans ce tr\u00e9sor multicolore, un \u00e9ventail de contes.<br \/>Et ce sera vraiment un concours !<br \/>A la fin, chaque spectateur votera pour son rus\u00e9 ou idiot pr\u00e9f\u00e9r\u00e9.<\/p><p>Pour tout spectateur joyeusement ben\u00eat ou finement rus\u00e9&#8230;<br \/>\u2013 Conte : Anne Leviel<br \/>\u2013 Dur\u00e9e : 1h (ou un peu plus, s&rsquo;il y a ballottage)<\/p>\t\t\t\t\t\t\t\t<\/div>\n\t\t\t\t\t<\/div>\n\t\t<\/div>\n\t\t\t\t\t<\/div>\n\t\t<\/section>\n\t\t\t\t\t<\/div>\n\t\t<\/div>\n\t\t\t\t\t<\/div>\n\t\t<\/section>\n\t\t\t\t<\/div>\n\t\t","protected":false},"excerpt":{"rendered":"<p>Les nuits de la lecture 2026 : villes et CAMPAGNES D\u2019ici &#8211; d\u2019ailleurs, de 3 \u00e0 6 ans ou d\u00e8s 6 ans Ces histoires viennent de partout, d\u2019ici ou d\u2019ailleurs, peu importe d\u2019ailleurs\u2026Elles transportent un parfum \u00ab\u00a0d\u2019il y a longtemps\u00a0\u00bb qui semble pourtant familier.Un peu de folie, un grain de sagesse.Ici les personnages prennent vie,&#8230;<\/p>\n","protected":false},"author":2,"featured_media":0,"parent":39,"menu_order":0,"comment_status":"closed","ping_status":"closed","template":"","meta":{"_kad_post_transparent":"","_kad_post_title":"hide","_kad_post_layout":"fullwidth","_kad_post_sidebar_id":"","_kad_post_content_style":"unboxed","_kad_post_vertical_padding":"hide","_kad_post_feature":"hide","_kad_post_feature_position":"","_kad_post_header":false,"_kad_post_footer":false,"_kad_post_classname":"","footnotes":""},"class_list":["post-3981","page","type-page","status-publish","hentry"],"_links":{"self":[{"href":"https:\/\/lessinguliers.fr\/index.php\/wp-json\/wp\/v2\/pages\/3981","targetHints":{"allow":["GET"]}}],"collection":[{"href":"https:\/\/lessinguliers.fr\/index.php\/wp-json\/wp\/v2\/pages"}],"about":[{"href":"https:\/\/lessinguliers.fr\/index.php\/wp-json\/wp\/v2\/types\/page"}],"author":[{"embeddable":true,"href":"https:\/\/lessinguliers.fr\/index.php\/wp-json\/wp\/v2\/users\/2"}],"replies":[{"embeddable":true,"href":"https:\/\/lessinguliers.fr\/index.php\/wp-json\/wp\/v2\/comments?post=3981"}],"version-history":[{"count":16,"href":"https:\/\/lessinguliers.fr\/index.php\/wp-json\/wp\/v2\/pages\/3981\/revisions"}],"predecessor-version":[{"id":4498,"href":"https:\/\/lessinguliers.fr\/index.php\/wp-json\/wp\/v2\/pages\/3981\/revisions\/4498"}],"up":[{"embeddable":true,"href":"https:\/\/lessinguliers.fr\/index.php\/wp-json\/wp\/v2\/pages\/39"}],"wp:attachment":[{"href":"https:\/\/lessinguliers.fr\/index.php\/wp-json\/wp\/v2\/media?parent=3981"}],"curies":[{"name":"wp","href":"https:\/\/api.w.org\/{rel}","templated":true}]}}